{"id":525,"date":"2022-01-29T05:41:02","date_gmt":"2022-01-29T04:41:02","guid":{"rendered":"https:\/\/www.hvg-ttl.ch\/?page_id=525"},"modified":"2022-01-29T06:08:31","modified_gmt":"2022-01-29T05:08:31","slug":"__trashed","status":"publish","type":"page","link":"https:\/\/www.hvgtrub.ch\/?page_id=525","title":{"rendered":"Datenschutzerkl\u00e4rung"},"content":{"rendered":"\n<p>HVG Trub Trubschachen Langnau<br>3556 Trub<br><strong>E-Mail<\/strong>: info@hvgtrub.ch<\/p>\n\n\n\n<p><strong>Vertretungsberechtigte Personen<\/strong><br>Langenegger Christian<br>Hardtli 46, 3550 Langnau<\/p>\n\n\n\n<p><strong>Name des Unternehmens<\/strong>: HVG Trub Trubschachen Langnau<\/p>\n\n\n\n<p><strong>Allgemein<\/strong><br>Gest\u00fctzt auf Artikel 13 der Schweizerischen Bundesverfassung und die datenschutzrechtlichen Bestimmungen des Bundes (Datenschutzgesetz, DSG) hat jede Person Anspruch auf Schutz ihrer Privatsph\u00e4re sowie auf Schutz vor Missbrauch ihrer pers\u00f6nlichen Daten. Die Betreiber dieser Seiten nehmen den Schutz Ihrer pers\u00f6nlichen Daten sehr ernst. Wir behandeln Ihre personenbezogenen Daten vertraulich und entsprechend der gesetzlichen Datenschutzvorschriften sowie dieser Datenschutzerkl\u00e4rung.<\/p>\n\n\n\n<p>In Zusammenarbeit mit unseren Hosting-Providern bem\u00fchen wir uns, die Datenbanken so gut wie m\u00f6glich vor unberechtigtem Zugriff, Verlust, Missbrauch oder Verf\u00e4lschung zu sch\u00fctzen.<\/p>\n\n\n\n<p>Wir weisen darauf hin, dass die Daten\u00fcbertragung im Internet (z.B. bei der Kommunikation per E-Mail) Sicherheitsl\u00fccken aufweisen kann. Ein l\u00fcckenloser Schutz der Daten vor dem Zugriff durch Dritte ist nicht m\u00f6glich.<\/p>\n\n\n\n<p>Durch die Nutzung dieser Website erkl\u00e4ren Sie sich mit der Erhebung, Verarbeitung und Nutzung von Daten gem\u00e4\u00df der nachfolgenden Beschreibung einverstanden. Diese Website kann grunds\u00e4tzlich ohne Registrierung besucht werden. Daten wie aufgerufene Seiten oder Namen von aufgerufenen Dateien, Datum und Uhrzeit werden zu statistischen Zwecken auf dem Server gespeichert, ohne dass diese Daten unmittelbar auf Ihre Person bezogen werden. Soweit auf unseren Seiten personenbezogene Daten (beispielsweise Name, Anschrift oder eMail-Adressen) erhoben werden, erfolgt dies, soweit m\u00f6glich, stets auf freiwilliger Basis. Diese Daten werden ohne Ihre ausdr\u00fcckliche Zustimmung nicht an Dritte weitergegeben.<\/p>\n\n\n\n<p><strong>Cookies<\/strong><br>Diese Website verwendet Cookies. Dabei handelt es sich um kleine Textdateien, die es erm\u00f6glichen, spezifische, auf den Nutzer bezogene Informationen auf dem Endger\u00e4t des Nutzers zu speichern, w\u00e4hrend der Nutzer die Website nutzt. Cookies erm\u00f6glichen es insbesondere, die Nutzungsh\u00e4ufigkeit und die Anzahl der Nutzer der Seiten zu ermitteln, Verhaltensmuster der Seitennutzung zu analysieren, aber auch, unser Angebot kundenfreundlicher zu gestalten. Cookies bleiben \u00fcber das Ende einer Browser-Sitzung hinaus gespeichert und k\u00f6nnen bei einem erneuten Besuch der Seite wieder abgerufen werden. Wenn Sie dies nicht w\u00fcnschen, sollten Sie Ihren Internet-Browser so einstellen, dass er die Annahme von Cookies verweigert.<\/p>\n\n\n\n<p>Ein genereller Widerspruch gegen die Verwendung von Cookies zu Online-Marketing-Zwecken kann f\u00fcr eine Vielzahl der Dienste, insbesondere beim Tracking, \u00fcber die US-Seite http:\/\/www.aboutads.info\/choices\/ oder die EU-Seite http:\/\/www.youronlinechoices.com\/ erkl\u00e4rt werden. Dar\u00fcber hinaus kann die Speicherung von Cookies durch Deaktivierung in den Browsereinstellungen erreicht werden. Bitte beachten Sie, dass in diesem Fall nicht alle Funktionen dieses Online-Angebots genutzt werden k\u00f6nnen.<\/p>\n\n\n\n<p><strong>Mit SSL\/TLS-Verschl\u00fcsselung<\/strong><br>Diese Website verwendet aus Sicherheitsgr\u00fcnden und zum Schutz der \u00dcbertragung vertraulicher Inhalte, wie z.B. Anfragen, die Sie an uns als Seitenbetreiber senden, eine SSL\/TLS-Verschl\u00fcsselung. Eine verschl\u00fcsselte Verbindung erkennen Sie daran, dass die Adresszeile des Browsers von &#8222;&#8220;http:\/\/&#8220;&#8220; auf &#8222;&#8220;https:\/\/&#8220;&#8220; wechselt und an dem Schloss-Symbol in Ihrer Browserzeile.<\/p>\n\n\n\n<p>Wenn die SSL- oder TLS-Verschl\u00fcsselung aktiviert ist, k\u00f6nnen die Daten, die Sie an uns \u00fcbermitteln, nicht von Dritten gelesen werden.<\/p>\n\n\n\n<p><strong>Ohne SSL\/TLS-Verschl\u00fcsselung<\/strong><br>Bitte beachten Sie, dass Daten, die \u00fcber ein offenes Netz wie das Internet oder einen E-Mail-Dienst ohne SSL-Verschl\u00fcsselung \u00fcbertragen werden, von jedermann eingesehen werden k\u00f6nnen. Eine unverschl\u00fcsselte Verbindung erkennen Sie daran, dass in der Adresszeile des Browsers &#8222;&#8220;http:\/\/&#8220;&#8220; steht und kein Schloss-Symbol in Ihrer Browserzeile angezeigt wird. \u00dcber das Internet \u00fcbertragene Informationen und online empfangene Inhalte k\u00f6nnen \u00fcber Netze Dritter \u00fcbertragen werden. Wir k\u00f6nnen die Vertraulichkeit von Kommunikationen oder Materialien, die \u00fcber solche offenen Netzwerke oder Netzwerke Dritter \u00fcbertragen werden, nicht garantieren. Wenn Sie personenbezogene Daten \u00fcber ein offenes Netzwerk oder Netzwerke Dritter offenlegen, sollten Sie sich dar\u00fcber im Klaren sein, dass Ihre Daten verloren gehen oder m\u00f6glicherweise von Dritten eingesehen werden k\u00f6nnen, und dass die Daten infolgedessen ohne Ihre Zustimmung gesammelt und verwendet werden k\u00f6nnen. Zwar werden in vielen F\u00e4llen die einzelnen Datenpakete verschl\u00fcsselt \u00fcbertragen, nicht aber die Namen von Absender und Empf\u00e4nger. Selbst wenn sich Absender und Empf\u00e4nger im gleichen Land befinden, erfolgt der Datentransfer \u00fcber solche Netze oft unkontrolliert auch \u00fcber Drittstaaten, d.h. auch \u00fcber L\u00e4nder, die nicht das gleiche Datenschutzniveau bieten wie Ihr Domizilland. Wir \u00fcbernehmen keine Verantwortung f\u00fcr die Sicherheit Ihrer Daten bei der \u00dcbermittlung \u00fcber das Internet und lehnen jede Haftung f\u00fcr direkte oder indirekte Sch\u00e4den ab. Wir bitten Sie, andere Kommunikationswege zu nutzen, wenn Sie dies aus Sicherheitsgr\u00fcnden f\u00fcr notwendig oder sinnvoll erachten.<\/p>\n\n\n\n<p>Trotz umfangreicher technischer und organisatorischer Sicherheitsvorkehrungen ist es m\u00f6glich, dass Daten verloren gehen oder von Unbefugten abgefangen und\/oder manipuliert werden k\u00f6nnen. Soweit m\u00f6glich, treffen wir geeignete technische und organisatorische Sicherheitsma\u00dfnahmen, um dies innerhalb unseres Systems zu verhindern. Ihr Computer befindet sich jedoch au\u00dferhalb des Sicherheitsbereiches, den wir kontrollieren. Es liegt in Ihrer Verantwortung als Nutzer, sich \u00fcber die notwendigen Sicherheitsvorkehrungen zu informieren und entsprechende Ma\u00dfnahmen zu ergreifen. Als Betreiber der Website haften wir in keiner Weise f\u00fcr Sch\u00e4den, die Ihnen durch Datenverlust oder Manipulationen entstehen.<\/p>\n\n\n\n<p>Daten, die Sie in Online-Formularen eingeben, k\u00f6nnen zum Zwecke der Auftragsabwicklung an berechtigte Dritte weitergegeben und von diesen eingesehen und gegebenenfalls verarbeitet werden.<\/p>\n\n\n\n<p><strong>Server-Log-Dateien<\/strong><br>Der Provider dieser Website erhebt und speichert automatisch Informationen in so genannten Server-Log-Dateien, die Ihr Browser automatisch an uns \u00fcbermittelt. Dies sind:<br>Browsertyp und Browserversion<br>Verwendetes Betriebssystem<br>Referrer URL<br>Hostname des zugreifenden Rechners<br>Zeitpunkt der Serveranfrage<\/p>\n\n\n\n<p>Diese Daten sind nicht bestimmten Personen zuordenbar. Eine Zusammenf\u00fchrung dieser Daten mit anderen Datenquellen wird nicht vorgenommen. Wir behalten uns vor, diese Daten nachtr\u00e4glich zu pr\u00fcfen, wenn uns konkrete Anhaltspunkte f\u00fcr eine rechtswidrige Nutzung bekannt werden.<\/p>\n\n\n\n<p><strong>Kontaktformular<\/strong><br>Wenn Sie uns per Kontaktformular Anfragen zukommen lassen, werden Ihre Angaben aus dem Anfrageformular inklusive der von Ihnen dort angegebenen Kontaktdaten zwecks Bearbeitung der Anfrage und f\u00fcr den Fall von Anschlussfragen bei uns gespeichert. Diese Daten geben wir nicht ohne Ihre Einwilligung weiter.<\/p>\n\n\n\n<p><strong>Google reCAPTCHA<\/strong><br>Diese Website verwendet den reCAPTCHA-Dienst von Google Ireland Limited (Gordon House, Barrow Street Dublin 4, Irland &#8222;&#8220;Google&#8220;&#8220;). Die Abfrage dient dazu, zu unterscheiden, ob die Eingabe durch einen Menschen oder durch eine automatisierte, maschinelle Verarbeitung erfolgt. Die Abfrage beinhaltet die \u00dcbermittlung der IP-Adresse und ggf. weiterer von Google f\u00fcr den reCAPTCHA-Dienst ben\u00f6tigter Daten an Google. Zu diesem Zweck wird Ihre Eingabe an Google \u00fcbermittelt und dort weiterverwendet. Ihre IP-Adresse wird von Google jedoch innerhalb von Mitgliedstaaten der Europ\u00e4ischen Union oder in anderen Vertragsstaaten des Abkommens \u00fcber den Europ\u00e4ischen Wirtschaftsraum zuvor gek\u00fcrzt. Nur in Ausnahmef\u00e4llen wird die volle IP-Adresse an einen Server von Google in den USA \u00fcbertragen und dort gek\u00fcrzt. Im Auftrag des Betreibers dieser Website wird Google diese Informationen benutzen, um Ihre Nutzung dieses Dienstes auszuwerten. Die im Rahmen von reCaptcha von Ihrem Browser \u00fcbermittelte IP-Adresse wird nicht mit anderen Daten von Google zusammengef\u00fchrt. Ihre Daten k\u00f6nnen dabei auch in die USA \u00fcbertragen werden. F\u00fcr Daten\u00fcbermittlungen in die USA gibt es einen Angemessenheitsbeschluss der Europ\u00e4ischen Kommission, das &#8222;&#8220;Privacy Shield&#8220;&#8220;. Google nimmt an dem &#8222;&#8220;Privacy Shield&#8220;&#8220; teil und hat sich den Anforderungen unterworfen. Durch Bet\u00e4tigen der Abfrage stimmen Sie der Verarbeitung Ihrer Daten zu. Die Verarbeitung erfolgt auf Grundlage von Art. 6 (1) lit. a DSGVO mit Ihrer Einwilligung. Sie k\u00f6nnen Ihre Einwilligung jederzeit widerrufen, ohne dass die Rechtm\u00e4\u00dfigkeit der aufgrund der Einwilligung bis zum Widerruf erfolgten Verarbeitung ber\u00fchrt wird.<br>Weitere Informationen zu Google reCAPTCHA und den dazugeh\u00f6rigen Datenschutzbestimmungen finden Sie unter: https:\/\/policies.google.com\/privacy?hl=de<\/p>\n\n\n\n<p><strong>Google Analytics<\/strong><br>Diese Website benutzt Google Analytics, einen Webanalysedienst, der von Google Ireland Limited bereitgestellt wird. Befindet sich der f\u00fcr die Datenverarbeitung auf dieser Website Verantwortliche au\u00dferhalb des Europ\u00e4ischen Wirtschaftsraums oder der Schweiz, so wird die Datenverarbeitung von Google Analytics von Google LLC durchgef\u00fchrt. Google LLC und Google Ireland Limited werden im Folgenden als &#8222;&#8220;Google&#8220;&#8220; bezeichnet.<br>Die gewonnenen Statistiken erm\u00f6glichen es uns, unser Angebot zu verbessern und f\u00fcr Sie als Nutzer interessanter zu gestalten. Diese Website verwendet Google Analytics auch f\u00fcr eine ger\u00e4te\u00fcbergreifende Analyse der Besucherstr\u00f6me, die \u00fcber eine Benutzerkennung erfolgt. Wenn Sie \u00fcber ein Google-Benutzerkonto verf\u00fcgen, k\u00f6nnen Sie die ger\u00e4te\u00fcbergreifende Analyse Ihrer Nutzung in den dortigen Einstellungen unter &#8222;Meine Daten&#8220;, &#8222;Pers\u00f6nliche Daten&#8220; deaktivieren.<br>Die Rechtsgrundlage f\u00fcr den Einsatz von Google Analytics ist Art. 6 Abs. 1 S. 1 lit. f DS-GVO. Die im Rahmen von Google Analytics von Ihrem Browser \u00fcbermittelte IP-Adresse wird nicht mit anderen Daten von Google zusammengef\u00fchrt. Wir weisen Sie darauf hin, dass auf dieser Website Google Analytics um den Code &#8222;&#8220;_anonymizeIp();&#8220;&#8220; erweitert wurde, um eine anonymisierte Erfassung von IP-Adressen zu gew\u00e4hrleisten. Das bedeutet, dass IP-Adressen in gek\u00fcrzter Form verarbeitet werden, so dass sie nicht mit einer bestimmten Person in Verbindung gebracht werden k\u00f6nnen. Sollten die \u00fcber Sie erhobenen Daten einer Person zugeordnet werden k\u00f6nnen, wird dies sofort ausgeschlossen und die personenbezogenen Daten werden umgehend gel\u00f6scht.<br>ur in Ausnahmef\u00e4llen wird die volle IP-Adresse an einen Server von Google in den USA \u00fcbertragen und dort gek\u00fcrzt. Im Auftrag des Betreibers dieser Website wird Google diese Informationen benutzen, um Ihre Nutzung der Website auszuwerten, um Reports \u00fcber die Websiteaktivit\u00e4ten zusammenzustellen und um weitere mit der Websitenutzung und der Internetnutzung verbundene Dienstleistungen gegen\u00fcber dem Websitebetreiber zu erbringen. F\u00fcr die Ausnahmef\u00e4lle, in denen personenbezogene Daten in die USA \u00fcbertragen werden, hat sich Google dem EU-US Privacy Shield unterworfen, https:\/\/www.privacyshield.gov\/EU-US-Framework.<br>Google Analytics verwendet Cookies. Die durch den Cookie erzeugten Informationen \u00fcber Ihre Benutzung dieser Website werden in der Regel an einen Server von Google in den USA \u00fcbertragen und dort gespeichert. Sie k\u00f6nnen die Speicherung der Cookies durch eine entsprechende Einstellung Ihrer Browser-Software verhindern; wir weisen Sie jedoch darauf hin, dass Sie in diesem Fall gegebenenfalls nicht s\u00e4mtliche Funktionen dieser Website vollumf\u00e4nglich werden nutzen k\u00f6nnen. Sie k\u00f6nnen dar\u00fcber hinaus die Erfassung der durch das Cookie erzeugten und auf Ihre Nutzung der Website bezogenen Daten (inkl. Ihrer IP-Adresse) an Google sowie die Verarbeitung dieser Daten durch Google verhindern, indem sie das unter dem folgenden Link verf\u00fcgbare Browser-Plugin herunterladen und installieren: Google Analytics deaktivieren.<br>Dar\u00fcber hinaus k\u00f6nnen Sie auch die Nutzung von Google Analytics verhindern, indem Sie auf diesen Link klicken: Google Analytics deaktivieren. Dadurch wird ein sog. Opt-Out-Cookie auf Ihrem Datentr\u00e4ger gespeichert, der die Verarbeitung personenbezogener Daten durch Google Analytics verhindert. Bitte beachten Sie, dass beim L\u00f6schen aller Cookies auf Ihrem Endger\u00e4t auch diese Opt-Out-Cookies gel\u00f6scht werden, d.h. Sie m\u00fcssen die Opt-Out-Cookies erneut setzen, wenn Sie diese Form der Datenerhebung weiterhin verhindern wollen. Die Opt-Out-Cookies werden pro Browser und Computer\/Endger\u00e4t gesetzt und m\u00fcssen daher f\u00fcr jeden Browser, Computer oder jedes andere Endger\u00e4t separat aktiviert werden.<\/p>\n\n\n\n<p><strong>Haftungsausschluss<\/strong><br>Der Autor \u00fcbernimmt keine Gew\u00e4hr f\u00fcr die Richtigkeit, Genauigkeit, Aktualit\u00e4t, Zuverl\u00e4ssigkeit und Vollst\u00e4ndigkeit der Informationen.<br>Haftungsanspr\u00fcche gegen den Autor wegen Sch\u00e4den materieller oder immaterieller Art, die aus dem Zugriff oder der Nutzung bzw. Nichtnutzung der ver\u00f6ffentlichten Informationen, durch Missbrauch der Verbindung oder durch technische St\u00f6rungen entstanden sind, werden ausgeschlossen.<\/p>\n\n\n\n<p>Alle Angebote sind freibleibend. Der Autor beh\u00e4lt es sich ausdr\u00fccklich vor, Teile der Seiten oder das gesamte Angebot ohne gesonderte Ank\u00fcndigung zu ver\u00e4ndern, zu erg\u00e4nzen, zu l\u00f6schen oder die Ver\u00f6ffentlichung zeitweise oder endg\u00fcltig einzustellen.<\/p>\n\n\n\n<p><strong>Quelle<\/strong>: <a href=\"https:\/\/brainbox.swiss\/\">BrainBox Solutions<\/a><\/p>\n","protected":false},"excerpt":{"rendered":"<p>HVG Trub Trubschachen Langnau3556 TrubE-Mail: info@hvgtrub.ch Vertretungsberechtigte PersonenLangenegger ChristianHardtli 46, 3550 Langnau Name des Unternehmens: HVG Trub Trubschachen Langnau AllgemeinGest\u00fctzt auf Artikel 13 der Schweizerischen Bundesverfassung und die datenschutzrechtlichen Bestimmungen des Bundes (Datenschutzgesetz, DSG) hat jede Person Anspruch auf Schutz ihrer Privatsph\u00e4re sowie auf Schutz vor Missbrauch ihrer pers\u00f6nlichen Daten. Die Betreiber dieser Seiten nehmen &hellip; <\/p>\n<p class=\"link-more\"><a href=\"https:\/\/www.hvgtrub.ch\/?page_id=525\" class=\"more-link\">Mehr <span class=\"screen-reader-text\">\u00fcber &#8222;Datenschutzerkl\u00e4rung&#8220; <\/span>Lesen<\/a><\/p>\n","protected":false},"author":1,"featured_media":0,"parent":0,"menu_order":0,"comment_status":"closed","ping_status":"closed","template":"","meta":{"footnotes":""},"class_list":["post-525","page","type-page","status-publish","hentry"],"yoast_head":"<!-- This site is optimized with the Yoast SEO plugin v26.9 - https:\/\/yoast.com\/product\/yoast-seo-wordpress\/ -->\n<title>Datenschutzerkl\u00e4rung - HVG Trub Trubschachen Langnau<\/title>\n<meta name=\"robots\" content=\"index, follow, max-snippet:-1, max-image-preview:large, max-video-preview:-1\" \/>\n<link rel=\"canonical\" href=\"https:\/\/www.hvgtrub.ch\/?page_id=525\" \/>\n<meta property=\"og:locale\" content=\"de_DE\" \/>\n<meta property=\"og:type\" content=\"article\" \/>\n<meta property=\"og:title\" content=\"Datenschutzerkl\u00e4rung - HVG Trub Trubschachen Langnau\" \/>\n<meta property=\"og:description\" content=\"HVG Trub Trubschachen Langnau3556 TrubE-Mail: info@hvgtrub.ch Vertretungsberechtigte PersonenLangenegger ChristianHardtli 46, 3550 Langnau Name des Unternehmens: HVG Trub Trubschachen Langnau AllgemeinGest\u00fctzt auf Artikel 13 der Schweizerischen Bundesverfassung und die datenschutzrechtlichen Bestimmungen des Bundes (Datenschutzgesetz, DSG) hat jede Person Anspruch auf Schutz ihrer Privatsph\u00e4re sowie auf Schutz vor Missbrauch ihrer pers\u00f6nlichen Daten. Die Betreiber dieser Seiten nehmen &hellip; Mehr \u00fcber &quot;Datenschutzerkl\u00e4rung&quot; Lesen\" \/>\n<meta property=\"og:url\" content=\"https:\/\/www.hvgtrub.ch\/?page_id=525\" \/>\n<meta property=\"og:site_name\" content=\"HVG Trub Trubschachen Langnau\" \/>\n<meta property=\"article:modified_time\" content=\"2022-01-29T05:08:31+00:00\" \/>\n<meta name=\"twitter:card\" content=\"summary_large_image\" \/>\n<meta name=\"twitter:label1\" content=\"Gesch\u00e4tzte Lesezeit\" \/>\n\t<meta name=\"twitter:data1\" content=\"9\u00a0Minuten\" \/>\n<script type=\"application\/ld+json\" class=\"yoast-schema-graph\">{\"@context\":\"https:\/\/schema.org\",\"@graph\":[{\"@type\":\"WebPage\",\"@id\":\"https:\/\/www.hvgtrub.ch\/?page_id=525\",\"url\":\"https:\/\/www.hvgtrub.ch\/?page_id=525\",\"name\":\"Datenschutzerkl\u00e4rung - HVG Trub Trubschachen Langnau\",\"isPartOf\":{\"@id\":\"https:\/\/www.hvgtrub.ch\/#website\"},\"datePublished\":\"2022-01-29T04:41:02+00:00\",\"dateModified\":\"2022-01-29T05:08:31+00:00\",\"breadcrumb\":{\"@id\":\"https:\/\/www.hvgtrub.ch\/?page_id=525#breadcrumb\"},\"inLanguage\":\"de\",\"potentialAction\":[{\"@type\":\"ReadAction\",\"target\":[\"https:\/\/www.hvgtrub.ch\/?page_id=525\"]}]},{\"@type\":\"BreadcrumbList\",\"@id\":\"https:\/\/www.hvgtrub.ch\/?page_id=525#breadcrumb\",\"itemListElement\":[{\"@type\":\"ListItem\",\"position\":1,\"name\":\"Startseite\",\"item\":\"https:\/\/www.hvgtrub.ch\/\"},{\"@type\":\"ListItem\",\"position\":2,\"name\":\"Datenschutzerkl\u00e4rung\"}]},{\"@type\":\"WebSite\",\"@id\":\"https:\/\/www.hvgtrub.ch\/#website\",\"url\":\"https:\/\/www.hvgtrub.ch\/\",\"name\":\"HVG Trub Trubschachen Langnau\",\"description\":\"Professionelle Holzvermarktung f\u00fcr Waldbesitzer\",\"publisher\":{\"@id\":\"https:\/\/www.hvgtrub.ch\/#organization\"},\"potentialAction\":[{\"@type\":\"SearchAction\",\"target\":{\"@type\":\"EntryPoint\",\"urlTemplate\":\"https:\/\/www.hvgtrub.ch\/?s={search_term_string}\"},\"query-input\":{\"@type\":\"PropertyValueSpecification\",\"valueRequired\":true,\"valueName\":\"search_term_string\"}}],\"inLanguage\":\"de\"},{\"@type\":\"Organization\",\"@id\":\"https:\/\/www.hvgtrub.ch\/#organization\",\"name\":\"Holzvermarktungsgenossenschaft Trub, Trubschachen, Langnau\",\"url\":\"https:\/\/www.hvgtrub.ch\/\",\"logo\":{\"@type\":\"ImageObject\",\"inLanguage\":\"de\",\"@id\":\"https:\/\/www.hvgtrub.ch\/#\/schema\/logo\/image\/\",\"url\":\"https:\/\/www.hvgtrub.ch\/wp-content\/uploads\/2022\/01\/logo-1.png\",\"contentUrl\":\"https:\/\/www.hvgtrub.ch\/wp-content\/uploads\/2022\/01\/logo-1.png\",\"width\":512,\"height\":512,\"caption\":\"Holzvermarktungsgenossenschaft Trub, Trubschachen, Langnau\"},\"image\":{\"@id\":\"https:\/\/www.hvgtrub.ch\/#\/schema\/logo\/image\/\"}}]}<\/script>\n<!-- \/ Yoast SEO plugin. -->","yoast_head_json":{"title":"Datenschutzerkl\u00e4rung - HVG Trub Trubschachen Langnau","robots":{"index":"index","follow":"follow","max-snippet":"max-snippet:-1","max-image-preview":"max-image-preview:large","max-video-preview":"max-video-preview:-1"},"canonical":"https:\/\/www.hvgtrub.ch\/?page_id=525","og_locale":"de_DE","og_type":"article","og_title":"Datenschutzerkl\u00e4rung - HVG Trub Trubschachen Langnau","og_description":"HVG Trub Trubschachen Langnau3556 TrubE-Mail: info@hvgtrub.ch Vertretungsberechtigte PersonenLangenegger ChristianHardtli 46, 3550 Langnau Name des Unternehmens: HVG Trub Trubschachen Langnau AllgemeinGest\u00fctzt auf Artikel 13 der Schweizerischen Bundesverfassung und die datenschutzrechtlichen Bestimmungen des Bundes (Datenschutzgesetz, DSG) hat jede Person Anspruch auf Schutz ihrer Privatsph\u00e4re sowie auf Schutz vor Missbrauch ihrer pers\u00f6nlichen Daten. Die Betreiber dieser Seiten nehmen &hellip; Mehr \u00fcber \"Datenschutzerkl\u00e4rung\" Lesen","og_url":"https:\/\/www.hvgtrub.ch\/?page_id=525","og_site_name":"HVG Trub Trubschachen Langnau","article_modified_time":"2022-01-29T05:08:31+00:00","twitter_card":"summary_large_image","twitter_misc":{"Gesch\u00e4tzte Lesezeit":"9\u00a0Minuten"},"schema":{"@context":"https:\/\/schema.org","@graph":[{"@type":"WebPage","@id":"https:\/\/www.hvgtrub.ch\/?page_id=525","url":"https:\/\/www.hvgtrub.ch\/?page_id=525","name":"Datenschutzerkl\u00e4rung - HVG Trub Trubschachen Langnau","isPartOf":{"@id":"https:\/\/www.hvgtrub.ch\/#website"},"datePublished":"2022-01-29T04:41:02+00:00","dateModified":"2022-01-29T05:08:31+00:00","breadcrumb":{"@id":"https:\/\/www.hvgtrub.ch\/?page_id=525#breadcrumb"},"inLanguage":"de","potentialAction":[{"@type":"ReadAction","target":["https:\/\/www.hvgtrub.ch\/?page_id=525"]}]},{"@type":"BreadcrumbList","@id":"https:\/\/www.hvgtrub.ch\/?page_id=525#breadcrumb","itemListElement":[{"@type":"ListItem","position":1,"name":"Startseite","item":"https:\/\/www.hvgtrub.ch\/"},{"@type":"ListItem","position":2,"name":"Datenschutzerkl\u00e4rung"}]},{"@type":"WebSite","@id":"https:\/\/www.hvgtrub.ch\/#website","url":"https:\/\/www.hvgtrub.ch\/","name":"HVG Trub Trubschachen Langnau","description":"Professionelle Holzvermarktung f\u00fcr Waldbesitzer","publisher":{"@id":"https:\/\/www.hvgtrub.ch\/#organization"},"potentialAction":[{"@type":"SearchAction","target":{"@type":"EntryPoint","urlTemplate":"https:\/\/www.hvgtrub.ch\/?s={search_term_string}"},"query-input":{"@type":"PropertyValueSpecification","valueRequired":true,"valueName":"search_term_string"}}],"inLanguage":"de"},{"@type":"Organization","@id":"https:\/\/www.hvgtrub.ch\/#organization","name":"Holzvermarktungsgenossenschaft Trub, Trubschachen, Langnau","url":"https:\/\/www.hvgtrub.ch\/","logo":{"@type":"ImageObject","inLanguage":"de","@id":"https:\/\/www.hvgtrub.ch\/#\/schema\/logo\/image\/","url":"https:\/\/www.hvgtrub.ch\/wp-content\/uploads\/2022\/01\/logo-1.png","contentUrl":"https:\/\/www.hvgtrub.ch\/wp-content\/uploads\/2022\/01\/logo-1.png","width":512,"height":512,"caption":"Holzvermarktungsgenossenschaft Trub, Trubschachen, Langnau"},"image":{"@id":"https:\/\/www.hvgtrub.ch\/#\/schema\/logo\/image\/"}}]}},"_links":{"self":[{"href":"https:\/\/www.hvgtrub.ch\/index.php?rest_route=\/wp\/v2\/pages\/525","targetHints":{"allow":["GET"]}}],"collection":[{"href":"https:\/\/www.hvgtrub.ch\/index.php?rest_route=\/wp\/v2\/pages"}],"about":[{"href":"https:\/\/www.hvgtrub.ch\/index.php?rest_route=\/wp\/v2\/types\/page"}],"author":[{"embeddable":true,"href":"https:\/\/www.hvgtrub.ch\/index.php?rest_route=\/wp\/v2\/users\/1"}],"replies":[{"embeddable":true,"href":"https:\/\/www.hvgtrub.ch\/index.php?rest_route=%2Fwp%2Fv2%2Fcomments&post=525"}],"version-history":[{"count":2,"href":"https:\/\/www.hvgtrub.ch\/index.php?rest_route=\/wp\/v2\/pages\/525\/revisions"}],"predecessor-version":[{"id":528,"href":"https:\/\/www.hvgtrub.ch\/index.php?rest_route=\/wp\/v2\/pages\/525\/revisions\/528"}],"wp:attachment":[{"href":"https:\/\/www.hvgtrub.ch\/index.php?rest_route=%2Fwp%2Fv2%2Fmedia&parent=525"}],"curies":[{"name":"wp","href":"https:\/\/api.w.org\/{rel}","templated":true}]}}