{"id":68,"date":"2022-01-06T05:08:22","date_gmt":"2022-01-06T05:08:22","guid":{"rendered":"https:\/\/www.hvg-ttl.ch\/?page_id=68"},"modified":"2026-04-17T19:20:13","modified_gmt":"2026-04-17T18:20:13","slug":"test","status":"publish","type":"page","link":"https:\/\/www.hvgtrub.ch\/?page_id=68","title":{"rendered":"\u00dcber uns"},"content":{"rendered":"\n<h2 class=\"wp-block-heading\" id=\"vorstand\">Die Genossenschaft <\/h2>\n\n\n\n<p>Die Holzverwertungs-Genossenschaft Trub und umliegender Gemeinden (HVG Trub) mit Sitz in Trub wurde 1918 gegr\u00fcndet. Seit der Namens\u00e4nderung im Jahre 2020 wird die Organisation unter dem Namen Holzvermarktungs-Genossenschaft Trub, Trubschachen, Langnau gef\u00fchrt. Zum Genossenschaftsgebiet geh\u00f6ren die Gemeinden Trub, Trubschachen und Langnau.<\/p>\n\n\n\n<h3 class=\"wp-block-heading\" id=\"zu-den-aufgaben-der-hvg-trub-gehoren\">Zu den Aufgaben der&nbsp;HVG Trub geh\u00f6ren:<\/h3>\n\n\n\n<ul class=\"wp-block-list\">\n<li>Bestm\u00f6gliche Verwertung und Vermarktung der Holzsortimente<\/li>\n\n\n\n<li>Information und Weiterbildung auf dem Gebiet der Waldwirtschaft<\/li>\n\n\n\n<li>Gemeinsame Stellungnahme in forstwirtschaftlichen Fragen und Angelegenheiten<\/li>\n\n\n\n<li>Kontaktpflege mit anderen Waldbesitzer-Verb\u00e4nden<\/li>\n<\/ul>\n\n\n\n<h2 class=\"wp-block-heading\" id=\"vorstand\">Vorstand<\/h2>\n\n\n\n<div class=\"wp-block-media-text alignwide\" style=\"grid-template-columns:15% auto\"><figure class=\"wp-block-media-text__media\"><img fetchpriority=\"high\" decoding=\"async\" width=\"758\" height=\"1024\" src=\"https:\/\/www.hvgtrub.ch\/wp-content\/uploads\/2025\/09\/ramseier_michael-758x1024.jpeg\" alt=\"\" class=\"wp-image-1041 size-full\" srcset=\"https:\/\/www.hvgtrub.ch\/wp-content\/uploads\/2025\/09\/ramseier_michael-758x1024.jpeg 758w, https:\/\/www.hvgtrub.ch\/wp-content\/uploads\/2025\/09\/ramseier_michael-222x300.jpeg 222w, https:\/\/www.hvgtrub.ch\/wp-content\/uploads\/2025\/09\/ramseier_michael-768x1037.jpeg 768w, https:\/\/www.hvgtrub.ch\/wp-content\/uploads\/2025\/09\/ramseier_michael.jpeg 948w\" sizes=\"(max-width: 758px) 100vw, 758px\" \/><\/figure><div class=\"wp-block-media-text__content\">\n<p><strong><strong>Pr\u00e4sident<\/strong><\/strong><\/p>\n\n\n\n<p>Ramseier Michael<br>Dorfberg 559<br>3550 Langnau<\/p>\n<\/div><\/div>\n\n\n\n<div style=\"height:20px\" aria-hidden=\"true\" class=\"wp-block-spacer\"><\/div>\n\n\n\n<div class=\"wp-block-media-text alignwide\" style=\"grid-template-columns:15% auto\"><figure class=\"wp-block-media-text__media\"><img decoding=\"async\" width=\"758\" height=\"1024\" src=\"https:\/\/www.hvgtrub.ch\/wp-content\/uploads\/2026\/04\/berger_chrisitian-758x1024.jpeg\" alt=\"\" class=\"wp-image-1071 size-full\" srcset=\"https:\/\/www.hvgtrub.ch\/wp-content\/uploads\/2026\/04\/berger_chrisitian-758x1024.jpeg 758w, https:\/\/www.hvgtrub.ch\/wp-content\/uploads\/2026\/04\/berger_chrisitian-222x300.jpeg 222w, https:\/\/www.hvgtrub.ch\/wp-content\/uploads\/2026\/04\/berger_chrisitian-768x1037.jpeg 768w, https:\/\/www.hvgtrub.ch\/wp-content\/uploads\/2026\/04\/berger_chrisitian.jpeg 948w\" sizes=\"(max-width: 758px) 100vw, 758px\" \/><\/figure><div class=\"wp-block-media-text__content\">\n<p><strong><strong>Vizepr\u00e4sident<\/strong><\/strong><\/p>\n\n\n\n<p>Berger Christian<br>Untere Schwand 239<br>3555 Trubschachen<\/p>\n<\/div><\/div>\n\n\n\n<div style=\"height:20px\" aria-hidden=\"true\" class=\"wp-block-spacer\"><\/div>\n\n\n\n<div class=\"wp-block-media-text alignwide\" style=\"grid-template-columns:15% auto\"><figure class=\"wp-block-media-text__media\"><img decoding=\"async\" width=\"758\" height=\"1024\" src=\"https:\/\/www.hvgtrub.ch\/wp-content\/uploads\/2026\/04\/kaeser_nicole-758x1024.jpeg\" alt=\"\" class=\"wp-image-1072 size-full\" srcset=\"https:\/\/www.hvgtrub.ch\/wp-content\/uploads\/2026\/04\/kaeser_nicole-758x1024.jpeg 758w, https:\/\/www.hvgtrub.ch\/wp-content\/uploads\/2026\/04\/kaeser_nicole-222x300.jpeg 222w, https:\/\/www.hvgtrub.ch\/wp-content\/uploads\/2026\/04\/kaeser_nicole-768x1037.jpeg 768w, https:\/\/www.hvgtrub.ch\/wp-content\/uploads\/2026\/04\/kaeser_nicole.jpeg 948w\" sizes=\"(max-width: 758px) 100vw, 758px\" \/><\/figure><div class=\"wp-block-media-text__content\">\n<p><strong>Sekret\u00e4rin<\/strong><\/p>\n\n\n\n<p>K\u00e4ser Nicole<br>Schurtenell 129<br>3556 Trub<\/p>\n<\/div><\/div>\n\n\n\n<div style=\"height:20px\" aria-hidden=\"true\" class=\"wp-block-spacer\"><\/div>\n\n\n\n<div class=\"wp-block-media-text alignwide\" style=\"grid-template-columns:15% auto\"><figure class=\"wp-block-media-text__media\"><img loading=\"lazy\" decoding=\"async\" width=\"179\" height=\"230\" src=\"https:\/\/www.hvgtrub.ch\/wp-content\/uploads\/2022\/05\/christine_wiedmer.jpg\" alt=\"\" class=\"wp-image-855 size-full\"\/><\/figure><div class=\"wp-block-media-text__content\">\n<p><strong>Kassierin<\/strong><\/p>\n\n\n\n<p>Wiedmer Christine<br>Bruch 25<br>3556 Trub<\/p>\n\n\n\n<p>Tel. 034 495 62 92<\/p>\n<\/div><\/div>\n\n\n\n<h2 class=\"wp-block-heading\" id=\"vorstand\">Gesch\u00e4ftsf\u00fchrer<\/h2>\n\n\n\n<div class=\"wp-block-media-text alignwide\" style=\"grid-template-columns:15% auto\"><figure class=\"wp-block-media-text__media\"><img loading=\"lazy\" decoding=\"async\" width=\"143\" height=\"178\" src=\"https:\/\/www.hvgtrub.ch\/wp-content\/uploads\/2025\/07\/niklaus_fankhauser.jpg\" alt=\"\" class=\"wp-image-1011 size-full\"\/><\/figure><div class=\"wp-block-media-text__content\">\n<p>Fankhauser Niklaus<br>H\u00f6chhaus 273<br>3557 Fankhaus<\/p>\n\n\n\n<p>Tel. 079 658 69 66<\/p>\n<\/div><\/div>\n\n\n\n<div style=\"height:20px\" aria-hidden=\"true\" class=\"wp-block-spacer\"><\/div>\n\n\n\n<h2 class=\"wp-block-heading\" id=\"vorstand\">Vorstand BWB<\/h2>\n\n\n\n<div class=\"wp-block-media-text alignwide\" style=\"grid-template-columns:15% auto\"><figure class=\"wp-block-media-text__media\"><img loading=\"lazy\" decoding=\"async\" width=\"179\" height=\"230\" src=\"https:\/\/www.hvgtrub.ch\/wp-content\/uploads\/2025\/09\/wiedmer_rudolf.jpg\" alt=\"\" class=\"wp-image-1040 size-full\"\/><\/figure><div class=\"wp-block-media-text__content\">\n<p><br>Wiedmer Rudolf<br>Bruch 25<br>3556 Trub<\/p>\n<\/div><\/div>\n\n\n\n<div style=\"height:100px\" aria-hidden=\"true\" class=\"wp-block-spacer\"><\/div>\n","protected":false},"excerpt":{"rendered":"<p>Die Genossenschaft Die Holzverwertungs-Genossenschaft Trub und umliegender Gemeinden (HVG Trub) mit Sitz in Trub wurde 1918 gegr\u00fcndet. Seit der Namens\u00e4nderung im Jahre 2020 wird die Organisation unter dem Namen Holzvermarktungs-Genossenschaft Trub, Trubschachen, Langnau gef\u00fchrt. Zum Genossenschaftsgebiet geh\u00f6ren die Gemeinden Trub, Trubschachen und Langnau. Zu den Aufgaben der&nbsp;HVG Trub geh\u00f6ren: Vorstand Pr\u00e4sident Ramseier MichaelDorfberg 5593550 Langnau &hellip; <\/p>\n<p class=\"link-more\"><a href=\"https:\/\/www.hvgtrub.ch\/?page_id=68\" class=\"more-link\">Mehr <span class=\"screen-reader-text\">\u00fcber &#8222;\u00dcber uns&#8220; <\/span>Lesen<\/a><\/p>\n","protected":false},"author":1,"featured_media":433,"parent":0,"menu_order":0,"comment_status":"closed","ping_status":"closed","template":"","meta":{"footnotes":""},"class_list":["post-68","page","type-page","status-publish","has-post-thumbnail","hentry"],"yoast_head":"<!-- This site is optimized with the Yoast SEO plugin v26.9 - https:\/\/yoast.com\/product\/yoast-seo-wordpress\/ -->\n<title>\u00dcber uns - HVG Trub Trubschachen Langnau<\/title>\n<meta name=\"robots\" content=\"index, follow, max-snippet:-1, max-image-preview:large, max-video-preview:-1\" \/>\n<link rel=\"canonical\" href=\"https:\/\/www.hvgtrub.ch\/?page_id=68\" \/>\n<meta property=\"og:locale\" content=\"de_DE\" \/>\n<meta property=\"og:type\" content=\"article\" \/>\n<meta property=\"og:title\" content=\"\u00dcber uns - HVG Trub Trubschachen Langnau\" \/>\n<meta property=\"og:description\" content=\"Die Genossenschaft Die Holzverwertungs-Genossenschaft Trub und umliegender Gemeinden (HVG Trub) mit Sitz in Trub wurde 1918 gegr\u00fcndet. Seit der Namens\u00e4nderung im Jahre 2020 wird die Organisation unter dem Namen Holzvermarktungs-Genossenschaft Trub, Trubschachen, Langnau gef\u00fchrt. Zum Genossenschaftsgebiet geh\u00f6ren die Gemeinden Trub, Trubschachen und Langnau. Zu den Aufgaben der&nbsp;HVG Trub geh\u00f6ren: Vorstand Pr\u00e4sident Ramseier MichaelDorfberg 5593550 Langnau &hellip; Mehr \u00fcber &quot;\u00dcber uns&quot; Lesen\" \/>\n<meta property=\"og:url\" content=\"https:\/\/www.hvgtrub.ch\/?page_id=68\" \/>\n<meta property=\"og:site_name\" content=\"HVG Trub Trubschachen Langnau\" \/>\n<meta property=\"article:modified_time\" content=\"2026-04-17T18:20:13+00:00\" \/>\n<meta property=\"og:image\" content=\"https:\/\/www.hvgtrub.ch\/wp-content\/uploads\/2022\/01\/DSC_1781_scaled.jpg\" \/>\n\t<meta property=\"og:image:width\" content=\"2560\" \/>\n\t<meta property=\"og:image:height\" content=\"1709\" \/>\n\t<meta property=\"og:image:type\" content=\"image\/jpeg\" \/>\n<meta name=\"twitter:card\" content=\"summary_large_image\" \/>\n<meta name=\"twitter:label1\" content=\"Gesch\u00e4tzte Lesezeit\" \/>\n\t<meta name=\"twitter:data1\" content=\"2\u00a0Minuten\" \/>\n<script type=\"application\/ld+json\" class=\"yoast-schema-graph\">{\"@context\":\"https:\/\/schema.org\",\"@graph\":[{\"@type\":\"WebPage\",\"@id\":\"https:\/\/www.hvgtrub.ch\/?page_id=68\",\"url\":\"https:\/\/www.hvgtrub.ch\/?page_id=68\",\"name\":\"\u00dcber uns - HVG Trub Trubschachen Langnau\",\"isPartOf\":{\"@id\":\"https:\/\/www.hvgtrub.ch\/#website\"},\"primaryImageOfPage\":{\"@id\":\"https:\/\/www.hvgtrub.ch\/?page_id=68#primaryimage\"},\"image\":{\"@id\":\"https:\/\/www.hvgtrub.ch\/?page_id=68#primaryimage\"},\"thumbnailUrl\":\"https:\/\/www.hvgtrub.ch\/wp-content\/uploads\/2022\/01\/DSC_1781_scaled.jpg\",\"datePublished\":\"2022-01-06T05:08:22+00:00\",\"dateModified\":\"2026-04-17T18:20:13+00:00\",\"breadcrumb\":{\"@id\":\"https:\/\/www.hvgtrub.ch\/?page_id=68#breadcrumb\"},\"inLanguage\":\"de\",\"potentialAction\":[{\"@type\":\"ReadAction\",\"target\":[\"https:\/\/www.hvgtrub.ch\/?page_id=68\"]}]},{\"@type\":\"ImageObject\",\"inLanguage\":\"de\",\"@id\":\"https:\/\/www.hvgtrub.ch\/?page_id=68#primaryimage\",\"url\":\"https:\/\/www.hvgtrub.ch\/wp-content\/uploads\/2022\/01\/DSC_1781_scaled.jpg\",\"contentUrl\":\"https:\/\/www.hvgtrub.ch\/wp-content\/uploads\/2022\/01\/DSC_1781_scaled.jpg\",\"width\":2560,\"height\":1709},{\"@type\":\"BreadcrumbList\",\"@id\":\"https:\/\/www.hvgtrub.ch\/?page_id=68#breadcrumb\",\"itemListElement\":[{\"@type\":\"ListItem\",\"position\":1,\"name\":\"Startseite\",\"item\":\"https:\/\/www.hvgtrub.ch\/\"},{\"@type\":\"ListItem\",\"position\":2,\"name\":\"\u00dcber uns\"}]},{\"@type\":\"WebSite\",\"@id\":\"https:\/\/www.hvgtrub.ch\/#website\",\"url\":\"https:\/\/www.hvgtrub.ch\/\",\"name\":\"HVG Trub Trubschachen Langnau\",\"description\":\"Professionelle Holzvermarktung f\u00fcr Waldbesitzer\",\"publisher\":{\"@id\":\"https:\/\/www.hvgtrub.ch\/#organization\"},\"potentialAction\":[{\"@type\":\"SearchAction\",\"target\":{\"@type\":\"EntryPoint\",\"urlTemplate\":\"https:\/\/www.hvgtrub.ch\/?s={search_term_string}\"},\"query-input\":{\"@type\":\"PropertyValueSpecification\",\"valueRequired\":true,\"valueName\":\"search_term_string\"}}],\"inLanguage\":\"de\"},{\"@type\":\"Organization\",\"@id\":\"https:\/\/www.hvgtrub.ch\/#organization\",\"name\":\"Holzvermarktungsgenossenschaft Trub, Trubschachen, Langnau\",\"url\":\"https:\/\/www.hvgtrub.ch\/\",\"logo\":{\"@type\":\"ImageObject\",\"inLanguage\":\"de\",\"@id\":\"https:\/\/www.hvgtrub.ch\/#\/schema\/logo\/image\/\",\"url\":\"https:\/\/www.hvgtrub.ch\/wp-content\/uploads\/2022\/01\/logo-1.png\",\"contentUrl\":\"https:\/\/www.hvgtrub.ch\/wp-content\/uploads\/2022\/01\/logo-1.png\",\"width\":512,\"height\":512,\"caption\":\"Holzvermarktungsgenossenschaft Trub, Trubschachen, Langnau\"},\"image\":{\"@id\":\"https:\/\/www.hvgtrub.ch\/#\/schema\/logo\/image\/\"}}]}<\/script>\n<!-- \/ Yoast SEO plugin. -->","yoast_head_json":{"title":"\u00dcber uns - HVG Trub Trubschachen Langnau","robots":{"index":"index","follow":"follow","max-snippet":"max-snippet:-1","max-image-preview":"max-image-preview:large","max-video-preview":"max-video-preview:-1"},"canonical":"https:\/\/www.hvgtrub.ch\/?page_id=68","og_locale":"de_DE","og_type":"article","og_title":"\u00dcber uns - HVG Trub Trubschachen Langnau","og_description":"Die Genossenschaft Die Holzverwertungs-Genossenschaft Trub und umliegender Gemeinden (HVG Trub) mit Sitz in Trub wurde 1918 gegr\u00fcndet. Seit der Namens\u00e4nderung im Jahre 2020 wird die Organisation unter dem Namen Holzvermarktungs-Genossenschaft Trub, Trubschachen, Langnau gef\u00fchrt. Zum Genossenschaftsgebiet geh\u00f6ren die Gemeinden Trub, Trubschachen und Langnau. Zu den Aufgaben der&nbsp;HVG Trub geh\u00f6ren: Vorstand Pr\u00e4sident Ramseier MichaelDorfberg 5593550 Langnau &hellip; Mehr \u00fcber \"\u00dcber uns\" Lesen","og_url":"https:\/\/www.hvgtrub.ch\/?page_id=68","og_site_name":"HVG Trub Trubschachen Langnau","article_modified_time":"2026-04-17T18:20:13+00:00","og_image":[{"width":2560,"height":1709,"url":"https:\/\/www.hvgtrub.ch\/wp-content\/uploads\/2022\/01\/DSC_1781_scaled.jpg","type":"image\/jpeg"}],"twitter_card":"summary_large_image","twitter_misc":{"Gesch\u00e4tzte Lesezeit":"2\u00a0Minuten"},"schema":{"@context":"https:\/\/schema.org","@graph":[{"@type":"WebPage","@id":"https:\/\/www.hvgtrub.ch\/?page_id=68","url":"https:\/\/www.hvgtrub.ch\/?page_id=68","name":"\u00dcber uns - HVG Trub Trubschachen Langnau","isPartOf":{"@id":"https:\/\/www.hvgtrub.ch\/#website"},"primaryImageOfPage":{"@id":"https:\/\/www.hvgtrub.ch\/?page_id=68#primaryimage"},"image":{"@id":"https:\/\/www.hvgtrub.ch\/?page_id=68#primaryimage"},"thumbnailUrl":"https:\/\/www.hvgtrub.ch\/wp-content\/uploads\/2022\/01\/DSC_1781_scaled.jpg","datePublished":"2022-01-06T05:08:22+00:00","dateModified":"2026-04-17T18:20:13+00:00","breadcrumb":{"@id":"https:\/\/www.hvgtrub.ch\/?page_id=68#breadcrumb"},"inLanguage":"de","potentialAction":[{"@type":"ReadAction","target":["https:\/\/www.hvgtrub.ch\/?page_id=68"]}]},{"@type":"ImageObject","inLanguage":"de","@id":"https:\/\/www.hvgtrub.ch\/?page_id=68#primaryimage","url":"https:\/\/www.hvgtrub.ch\/wp-content\/uploads\/2022\/01\/DSC_1781_scaled.jpg","contentUrl":"https:\/\/www.hvgtrub.ch\/wp-content\/uploads\/2022\/01\/DSC_1781_scaled.jpg","width":2560,"height":1709},{"@type":"BreadcrumbList","@id":"https:\/\/www.hvgtrub.ch\/?page_id=68#breadcrumb","itemListElement":[{"@type":"ListItem","position":1,"name":"Startseite","item":"https:\/\/www.hvgtrub.ch\/"},{"@type":"ListItem","position":2,"name":"\u00dcber uns"}]},{"@type":"WebSite","@id":"https:\/\/www.hvgtrub.ch\/#website","url":"https:\/\/www.hvgtrub.ch\/","name":"HVG Trub Trubschachen Langnau","description":"Professionelle Holzvermarktung f\u00fcr Waldbesitzer","publisher":{"@id":"https:\/\/www.hvgtrub.ch\/#organization"},"potentialAction":[{"@type":"SearchAction","target":{"@type":"EntryPoint","urlTemplate":"https:\/\/www.hvgtrub.ch\/?s={search_term_string}"},"query-input":{"@type":"PropertyValueSpecification","valueRequired":true,"valueName":"search_term_string"}}],"inLanguage":"de"},{"@type":"Organization","@id":"https:\/\/www.hvgtrub.ch\/#organization","name":"Holzvermarktungsgenossenschaft Trub, Trubschachen, Langnau","url":"https:\/\/www.hvgtrub.ch\/","logo":{"@type":"ImageObject","inLanguage":"de","@id":"https:\/\/www.hvgtrub.ch\/#\/schema\/logo\/image\/","url":"https:\/\/www.hvgtrub.ch\/wp-content\/uploads\/2022\/01\/logo-1.png","contentUrl":"https:\/\/www.hvgtrub.ch\/wp-content\/uploads\/2022\/01\/logo-1.png","width":512,"height":512,"caption":"Holzvermarktungsgenossenschaft Trub, Trubschachen, Langnau"},"image":{"@id":"https:\/\/www.hvgtrub.ch\/#\/schema\/logo\/image\/"}}]}},"_links":{"self":[{"href":"https:\/\/www.hvgtrub.ch\/index.php?rest_route=\/wp\/v2\/pages\/68","targetHints":{"allow":["GET"]}}],"collection":[{"href":"https:\/\/www.hvgtrub.ch\/index.php?rest_route=\/wp\/v2\/pages"}],"about":[{"href":"https:\/\/www.hvgtrub.ch\/index.php?rest_route=\/wp\/v2\/types\/page"}],"author":[{"embeddable":true,"href":"https:\/\/www.hvgtrub.ch\/index.php?rest_route=\/wp\/v2\/users\/1"}],"replies":[{"embeddable":true,"href":"https:\/\/www.hvgtrub.ch\/index.php?rest_route=%2Fwp%2Fv2%2Fcomments&post=68"}],"version-history":[{"count":40,"href":"https:\/\/www.hvgtrub.ch\/index.php?rest_route=\/wp\/v2\/pages\/68\/revisions"}],"predecessor-version":[{"id":1081,"href":"https:\/\/www.hvgtrub.ch\/index.php?rest_route=\/wp\/v2\/pages\/68\/revisions\/1081"}],"wp:featuredmedia":[{"embeddable":true,"href":"https:\/\/www.hvgtrub.ch\/index.php?rest_route=\/wp\/v2\/media\/433"}],"wp:attachment":[{"href":"https:\/\/www.hvgtrub.ch\/index.php?rest_route=%2Fwp%2Fv2%2Fmedia&parent=68"}],"curies":[{"name":"wp","href":"https:\/\/api.w.org\/{rel}","templated":true}]}}