{"id":87,"date":"2022-01-07T05:15:25","date_gmt":"2022-01-07T05:15:25","guid":{"rendered":"https:\/\/www.hvg-ttl.ch\/?page_id=87"},"modified":"2023-04-01T11:04:20","modified_gmt":"2023-04-01T10:04:20","slug":"sortiment","status":"publish","type":"page","link":"https:\/\/www.hvgtrub.ch\/?page_id=87","title":{"rendered":"Sortiment"},"content":{"rendered":"\n<div class=\"wp-block-group alignfull has-black-color has-text-color has-background\" style=\"background-color:#f3f8ec\"><div class=\"wp-block-group__inner-container is-layout-flow wp-block-group-is-layout-flow\">\n<div class=\"wp-block-columns is-layout-flex wp-container-core-columns-is-layout-9d6595d7 wp-block-columns-is-layout-flex\">\n<div class=\"wp-block-column is-vertically-aligned-top is-layout-flow wp-block-column-is-layout-flow\">\n<div class=\"menuoffset\" id=\"sortimenttanne\"><\/div>\n\n\n\n<h2 class=\"wp-block-heading\">Tanne (Starkholz)<\/h2>\n\n\n\n<figure class=\"wp-block-table is-style-stripes\"><table><tbody><tr><td><strong>Baumart<\/strong>:<\/td><td>Tanne<\/td><\/tr><tr><td><strong>L\u00e4ngen (Tr\u00e4mel):<\/strong><\/td><td>4.00 m \/ <strong>5.00 m<\/strong><\/td><\/tr><tr><td><strong>Doppel-Tr\u00e4mel:<\/strong><\/td><td>8.00 m \/ <strong>9.00 m \/ 10.00 m<\/strong><\/td><\/tr><tr><td><\/td><td><strong>Fett= Vorzugsl\u00e4ngen<\/strong><\/td><\/tr><tr><td><strong>L\u00e4ngenzumass:<\/strong><\/td><td>pro Tr\u00e4mel-L\u00e4nge mindestens 15 cm<\/td><\/tr><tr><td><strong>Mindest-Zopfdurchmesser:<\/strong><\/td><td><dl class=\"inline\">\n  <dt>A-Qualit\u00e4t:<\/dt><dd>50 cm+<\/dd>\n  <dt>A-B-Qualit\u00e4t:<\/dt><dd>50 cm+<\/dd>\n  <dt>B-Qualit\u00e4t:<\/dt><dd>45 cm+<\/dd>\n  <dt>B-C-Qualit\u00e4t:<\/dt><dd>50 cm+<\/dd>\n<\/dl><\/td><\/tr><tr><td><strong>Rindenabzug:<\/strong><\/td><td>12% vom Bruttovolumen des Holzstammes<\/td><\/tr><tr><td><strong>Vermessung:<\/strong><\/td><td>Normalerweise erfolgt diese beim Verlad<\/td><\/tr><\/tbody><\/table><\/figure>\n<\/div>\n\n\n\n<div class=\"wp-block-column is-vertically-aligned-center is-layout-flow wp-block-column-is-layout-flow\">\n<div style=\"height:48px\" aria-hidden=\"true\" class=\"wp-block-spacer\"><\/div>\n\n\n<div class=\"wp-block-image is-style-default\">\n<figure class=\"aligncenter size-full is-resized\"><img decoding=\"async\" src=\"https:\/\/www.hvg-ttl.ch\/wp-content\/uploads\/2022\/01\/DSC_1793_scaled.jpg\" alt=\"\" class=\"wp-image-506\" width=\"300\" srcset=\"https:\/\/www.hvgtrub.ch\/wp-content\/uploads\/2022\/01\/DSC_1793_scaled.jpg 400w, https:\/\/www.hvgtrub.ch\/wp-content\/uploads\/2022\/01\/DSC_1793_scaled-300x200.jpg 300w\" sizes=\"(max-width: 400px) 100vw, 400px\" \/><\/figure>\n<\/div><\/div>\n<\/div>\n<\/div><\/div>\n\n\n\n<div class=\"wp-block-group alignfull has-black-color has-text-color\"><div class=\"wp-block-group__inner-container is-layout-flow wp-block-group-is-layout-flow\">\n<div class=\"wp-block-columns is-layout-flex wp-container-core-columns-is-layout-9d6595d7 wp-block-columns-is-layout-flex\">\n<div class=\"wp-block-column is-layout-flow wp-block-column-is-layout-flow\">\n<div class=\"menuoffset\" id=\"sortimentfichte\"><\/div>\n\n\n\n<h2 class=\"wp-block-heading\">Fichte (Starkholz)<\/h2>\n\n\n\n<figure class=\"wp-block-table is-style-stripes\"><table><tbody><tr><td><strong>Baumart<\/strong>:<\/td><td>Fichte<\/td><\/tr><tr><td><strong>L\u00e4ngen (Tr\u00e4mel):<\/strong><\/td><td>4.00 m \/ <strong>5.00 m<\/strong><\/td><\/tr><tr><td><strong>Doppel-Tr\u00e4mel:<\/strong><\/td><td>8.00 m \/ <strong>9.00 m \/ 10.00 m<\/strong><\/td><\/tr><tr><td><\/td><td><strong>Fett= Vorzugsl\u00e4ngen<\/strong><\/td><\/tr><tr><td><strong>L\u00e4ngenzumass:<\/strong><\/td><td>pro Tr\u00e4mel-L\u00e4nge mindestens 15 cm<\/td><\/tr><tr><td><strong>Mindest-Zopfdurchmesser:<\/strong><\/td><td><dl class=\"inline\">\n  <dt>B-Qualit\u00e4t:<\/dt><dd>40 cm<\/dd>\n  <dt>B-C-Qualit\u00e4t:<\/dt><dd>50 cm<\/dd>\n  <dt>C-Qualit\u00e4t:<\/dt><dd>50 cm<\/dd>\n<\/dl><\/td><\/tr><tr><td><strong>Rindenabzug:<\/strong><\/td><td>10% vom Bruttovolumen des Holzstammes<\/td><\/tr><tr><td><strong>Vermessung:<\/strong><\/td><td>Werksvermessung<\/td><\/tr><\/tbody><\/table><\/figure>\n\n\n\n<p><\/p>\n<\/div>\n\n\n\n<div class=\"wp-block-column is-vertically-aligned-center is-layout-flow wp-block-column-is-layout-flow\">\n<div style=\"height:48px\" aria-hidden=\"true\" class=\"wp-block-spacer\"><\/div>\n\n\n<div class=\"wp-block-image\">\n<figure class=\"aligncenter size-full is-resized\"><img decoding=\"async\" src=\"https:\/\/www.hvg-ttl.ch\/wp-content\/uploads\/2022\/01\/DSC_1752_scaled-1.jpg\" alt=\"\" class=\"wp-image-511\" width=\"300\" srcset=\"https:\/\/www.hvgtrub.ch\/wp-content\/uploads\/2022\/01\/DSC_1752_scaled-1.jpg 350w, https:\/\/www.hvgtrub.ch\/wp-content\/uploads\/2022\/01\/DSC_1752_scaled-1-300x201.jpg 300w\" sizes=\"(max-width: 350px) 100vw, 350px\" \/><\/figure>\n<\/div><\/div>\n<\/div>\n<\/div><\/div>\n\n\n\n<div class=\"wp-block-group alignfull has-black-color has-text-color has-background\" style=\"background-color:#f3f8ec\"><div class=\"wp-block-group__inner-container is-layout-flow wp-block-group-is-layout-flow\">\n<div class=\"wp-block-columns is-layout-flex wp-container-core-columns-is-layout-9d6595d7 wp-block-columns-is-layout-flex\">\n<div class=\"wp-block-column is-vertically-aligned-center is-layout-flow wp-block-column-is-layout-flow\">\n<div class=\"menuoffset\" id=\"sortimenttschopp\"><\/div>\n\n\n\n<h2 class=\"wp-block-heading\">Fichte \/ Tanne (Tschopp)<\/h2>\n\n\n\n<figure class=\"wp-block-table is-style-stripes\"><table><tbody><tr><td><strong>Baumart<\/strong>:<\/td><td>Fichte \/ Tanne<\/td><\/tr><tr><td><strong>L\u00e4ngen (Tr\u00e4mel):<\/strong><\/td><td>4.15 m \/ <strong>5.15 m<\/strong><\/td><\/tr><tr><td><strong>Doppel-Tr\u00e4mel:<\/strong><\/td><td>8.30 m \/ <strong>9.30 m \/ 10.30 m<\/strong><\/td><\/tr><tr><td><\/td><td><strong>Fett= Vorzugsl\u00e4ngen<\/strong><\/td><\/tr><tr><td><strong>L\u00e4ngenzumass:<\/strong><\/td><td>pro Tr\u00e4mel-L\u00e4nge mindestens 15 cm<\/td><\/tr><tr><td><strong>Qualit\u00e4tsanspr\u00fcche:<\/strong><\/td><td><ul><li>Minimaler Zopfdurchmesser 18 cm<\/li><li>Maximaler Durchmesser am Stockende 60 cm<\/li><li>ideal Tr\u00e4melholz im Durchmesser 25-40 cm<br>m\u00f6glichst reinastig<\/li><li>Die Astigkeit des Rundholzes sollte der B-Qualit\u00e4t (Ast-Durchmesser max. 3.5 cm) entsprechen. Alle anderen Merkmale der C-Qualit\u00e4t sind toleriert.<\/li><li>leichte Verf\u00e4rung, m\u00e4ssiger Buchs, normaler Drehwuchs sind toleriert.<\/li><li>Tannen nicht ringsch\u00e4lig oder grobastig.<\/li><\/ul><\/td><\/tr><\/tbody><\/table><\/figure>\n\n\n\n<p><\/p>\n\n\n\n<p><\/p>\n<\/div>\n\n\n\n<div class=\"wp-block-column is-vertically-aligned-center is-layout-flow wp-block-column-is-layout-flow\">\n<div style=\"height:48px\" aria-hidden=\"true\" class=\"wp-block-spacer\"><\/div>\n\n\n<div class=\"wp-block-image is-style-default\">\n<figure class=\"aligncenter size-full is-resized\"><img decoding=\"async\" src=\"https:\/\/www.hvg-ttl.ch\/wp-content\/uploads\/2022\/01\/DSC_1860_scaled.jpg\" alt=\"\" class=\"wp-image-513\" width=\"300\" srcset=\"https:\/\/www.hvgtrub.ch\/wp-content\/uploads\/2022\/01\/DSC_1860_scaled.jpg 350w, https:\/\/www.hvgtrub.ch\/wp-content\/uploads\/2022\/01\/DSC_1860_scaled-200x300.jpg 200w\" sizes=\"(max-width: 350px) 100vw, 350px\" \/><\/figure>\n<\/div><\/div>\n<\/div>\n<\/div><\/div>\n\n\n\n<div class=\"wp-block-group alignfull has-black-color has-text-color\"><div class=\"wp-block-group__inner-container is-layout-flow wp-block-group-is-layout-flow\">\n<div class=\"wp-block-columns is-layout-flex wp-container-core-columns-is-layout-9d6595d7 wp-block-columns-is-layout-flex\">\n<div class=\"wp-block-column is-layout-flow wp-block-column-is-layout-flow\">\n<div class=\"menuoffset\" id=\"sortimentschilliger\"><\/div>\n\n\n\n<h2 class=\"wp-block-heading\">Schwachholz (Schilliger)<\/h2>\n\n\n\n<figure class=\"wp-block-table is-style-stripes\"><table><tbody><tr><td><strong>Baumart<\/strong>:<\/td><td>Fichte \/ Tanne<\/td><\/tr><tr><td><strong>L\u00e4ngen (Tr\u00e4mel):<\/strong><\/td><td>4.00 m \/ <strong>5.00 m<\/strong><\/td><\/tr><tr><td><strong>Doppel-Tr\u00e4mel:<\/strong><\/td><td>8.00 m \/ <strong>9.00 m \/ 10.00 m<\/strong><\/td><\/tr><tr><td><\/td><td>Fett = Hauptl\u00e4ngen<br><strong>4.00 m Tr\u00e4mel nur in Ausnahmef\u00e4llen!<\/strong><br><strong>Siehe <a href=\"\/wp-content\/uploads\/2023\/04\/Schilliger_4mRundholz.pdf\" target=\"_blank\" rel=\"noreferrer noopener\">Bemerkung Schilliger<\/a><\/strong><\/td><\/tr><tr><td><strong>L\u00e4ngenzumass:<\/strong><\/td><td>pro Tr\u00e4mel mindestens 15 cm<\/td><\/tr><tr><td><strong>Durchmesser:<\/strong><\/td><td><dl class=\"inline\">\n  <dt>Haltikon:<\/dt><dd>15 &#8211; 35 cm<\/dd>\n  <dt>Perlen:<\/dt><dd>35 &#8211; 50 cm<\/dd>\n<\/dl><\/td><\/tr><\/tbody><\/table><\/figure>\n\n\n\n<p><\/p>\n<\/div>\n\n\n\n<div class=\"wp-block-column is-vertically-aligned-center is-layout-flow wp-block-column-is-layout-flow\">\n<div style=\"height:48px\" aria-hidden=\"true\" class=\"wp-block-spacer\"><\/div>\n\n\n<div class=\"wp-block-image\">\n<figure class=\"aligncenter size-full is-resized\"><img decoding=\"async\" src=\"https:\/\/www.hvg-ttl.ch\/wp-content\/uploads\/2022\/01\/DSC_1806_scaled.jpg\" alt=\"\" class=\"wp-image-508\" width=\"300\" srcset=\"https:\/\/www.hvgtrub.ch\/wp-content\/uploads\/2022\/01\/DSC_1806_scaled.jpg 300w, https:\/\/www.hvgtrub.ch\/wp-content\/uploads\/2022\/01\/DSC_1806_scaled-200x300.jpg 200w\" sizes=\"(max-width: 300px) 100vw, 300px\" \/><\/figure>\n<\/div><\/div>\n<\/div>\n<\/div><\/div>\n\n\n\n<div class=\"wp-block-group alignfull has-black-color has-text-color has-background\" style=\"background-color:#f3f8ec\"><div class=\"wp-block-group__inner-container is-layout-flow wp-block-group-is-layout-flow\">\n<div class=\"wp-block-columns is-layout-flex wp-container-core-columns-is-layout-9d6595d7 wp-block-columns-is-layout-flex\">\n<div class=\"wp-block-column is-vertically-aligned-center is-layout-flow wp-block-column-is-layout-flow\">\n<div class=\"menuoffset\" id=\"sortimentpapierholz\"><\/div>\n\n\n\n<h2 class=\"wp-block-heading\">Papierholz<\/h2>\n\n\n\n<figure class=\"wp-block-table is-style-stripes\"><table><tbody><tr><td><strong>Baumart<\/strong>:<\/td><td>Fichte \/ Tanne<\/td><\/tr><tr><td><strong>L\u00e4ngen (Tr\u00e4mel):<\/strong><\/td><td>4m &#8211; 7m (max. 10%: 3m)<\/td><\/tr><tr><td><strong>Durchmesser Perlen:<\/strong><\/td><td>10cm &#8211; 40cm<\/td><\/tr><tr><td><strong>Kr\u00fcmmung:<\/strong><\/td><td>bis 35cm<\/td><\/tr><tr><td><strong>Gesundheit:<\/strong><\/td><td><dl class=\"inline\">\n  <dt>SN 1 = 1. Klasse:<\/dt><dd>gesund; stirnseitig Verf\u00e4rbung bis 5 cm Eindringtiefe<\/dd>\n  <dt>SN 2 = 2. Klasse:<\/dt><dd>verf\u00e4rbt, verblaut, roststreifig, hartrot (nagelfest); Anteil max. 10%<\/dd>\n<\/dl><\/td><\/tr><tr><td><strong>Besonders:<\/strong><\/td><td><dl class=\"inline\">\n  <dt>grobastig:<\/dt><dd>pro Meter mehr als 12 Aeste mit einem Durchmesser gr\u00f6sser als 5 cm = SN 2 (2. Klasse)<\/dd>\n  <dt>starke Holz- <br>k\u00f6rperverletungen:<\/dt><dd>SN 2 (2. Klasse)<\/dd>\n<\/dl><\/td><\/tr><tr><td><strong>Ausschluss:<\/strong><\/td><td>faul, morsch, querbr\u00fcchig, zersplittert, Krebsbefall, starker Mistel- und Insektenbefall, Zwiesel, Fremdk\u00f6rper (z.B. Steine, Metall, Kunststoffe), D\u00fcrrst\u00e4nder, Hakenkr\u00fcmmung, Sp\u00e4lten<\/td><\/tr><tr><td><strong>Holzfrische:<\/strong><\/td><td>Die Holzfrische (Einschlag bis zur Lieferung ins Werk) wird wie folgt geregelt:<dl class=\"inline\">\n  <dt>Oktober bis Mai:<\/dt><dd>max. 8 Wochen<\/dd>\n   <dt>Juni bis September:<\/dt><dd>max. 4 Wochen<\/dd>\n<\/dl><\/td><\/tr><\/tbody><\/table><\/figure>\n\n\n\n<p><\/p>\n\n\n\n<p><\/p>\n<\/div>\n\n\n\n<div class=\"wp-block-column is-vertically-aligned-center is-layout-flow wp-block-column-is-layout-flow\">\n<div style=\"height:48px\" aria-hidden=\"true\" class=\"wp-block-spacer\"><\/div>\n\n\n<div class=\"wp-block-image is-style-default\">\n<figure class=\"aligncenter size-full is-resized\"><img decoding=\"async\" src=\"https:\/\/www.hvg-ttl.ch\/wp-content\/uploads\/2022\/01\/DSC_1673_scaled.jpg\" alt=\"\" class=\"wp-image-514\" width=\"300\" srcset=\"https:\/\/www.hvgtrub.ch\/wp-content\/uploads\/2022\/01\/DSC_1673_scaled.jpg 350w, https:\/\/www.hvgtrub.ch\/wp-content\/uploads\/2022\/01\/DSC_1673_scaled-200x300.jpg 200w\" sizes=\"(max-width: 350px) 100vw, 350px\" \/><\/figure>\n<\/div><\/div>\n<\/div>\n<\/div><\/div>\n\n\n\n<div class=\"wp-block-group alignfull has-black-color has-text-color\"><div class=\"wp-block-group__inner-container is-layout-flow wp-block-group-is-layout-flow\">\n<div class=\"wp-block-columns is-layout-flex wp-container-core-columns-is-layout-9d6595d7 wp-block-columns-is-layout-flex\">\n<div class=\"wp-block-column is-layout-flow wp-block-column-is-layout-flow\">\n<div class=\"menuoffset\" id=\"sortimentmenznau\"><\/div>\n\n\n\n<h2 class=\"wp-block-heading\">Menznau<\/h2>\n\n\n\n<figure class=\"wp-block-table is-style-stripes\"><table><tbody><tr><td><strong>Baumart<\/strong>:<\/td><td>Alle Waldbaumarten ausser Robinie<dl class=\"inline\">\n<dt>Nadelholz:<\/dt> <dd>Fichte, Tanne, Douglasie, F\u00f6hre<\/dd>\n<dt>Hartlaubholz:<\/dt> <dd>Buche, Esche, Ahorn, Hagebuche, Birke (Eiche und Parkb\u00e4ume 2. Kl.)<\/dd>\n<dt>Weichlaubholz:<\/dt> <dd>Erle, Weide, Pappel, Linde, Aspe<\/dd>\n<\/dl><\/td><\/tr><tr><td><strong>L\u00e4ngen:<\/strong><\/td><td><dl class=\"inline\"> <dt>Langholz:<\/dt> <dd>3 &#8211; 6 m, (4.5 m wenn \u2300 \u00fcber 70 cm)<\/dd> <dt>Kurzholz:<\/dt> <dd>1 m oder 2 m, separat geliefert<\/dd> <\/dl><strong>Wichtig: Kurzholz im Langholz eingelidert = 2. Klasse<\/strong><\/td><\/tr><tr><td><strong>Durchmesser:<\/strong><\/td><td><dl class=\"inline\"><dt>1. Klasse:<\/dt> <dd>10 \u2013 70 cm Durchmesser<\/dd><dt>2. Klasse:<\/dt><dd>Unter 10 cm<\/dd>\n<dt>Durchforstungsholz:<\/dt><dd> Ab 4 \u2013 8 cm<\/dd>\n<\/dl><\/td><\/tr><tr><td><strong>Kr\u00fcmmung<\/strong>:<\/td><td><dl class=\"inline\"><dt>Langholz:<\/dt> <dd>Bis 35 cm zul\u00e4ssig<\/dd><dt>Kurzholz:<\/dt><dd>1. Klasse bis 5 cm zul\u00e4ssig<br> 2. Klasse bis 10 cm zul\u00e4ssig<\/dd><\/dl><\/td><\/tr><tr><td><strong><strong>Gesundheit<\/strong>:<\/strong><\/td><td><dl class=\"inline\"><dt>1. Klasse:<\/dt> <dd>Gesund, nat\u00fcrlicher Farbkern; stirnseitige Verf\u00e4rbung bis 5 cm Eindringtiefe<\/dd><dt>2. Klasse:<\/dt><dd>Faulstellen bis ein Drittel des Holzvolumens<\/dd><\/dl><\/td><\/tr><tr><td><strong><strong>Besonderes<\/strong>:<\/strong><\/td><td><dl class=\"inline\"><dt>Entastung:<\/dt> <dd>1. Klasse = Stammnah<br>2. Klasse = Aststummel bis 3 cm ab Stammoberfl\u00e4che<\/dd><dt>Sauberkeit:<\/dt><dd>1. Klasse = Sauber<br>2. Klasse = Verschmutzt<\/dd><\/dl><\/td><\/tr><tr><td><strong>Ausschluss<\/strong>:<\/td><td>Faul, morsch, querbr\u00fcchig, stark verschmutzt, Stein- und Metalleinschl\u00fcsse, Hakenkr\u00fcmmung<\/td><\/tr><\/tbody><\/table><\/figure>\n\n\n\n<p><\/p>\n<\/div>\n\n\n\n<div class=\"wp-block-column is-vertically-aligned-center is-layout-flow wp-block-column-is-layout-flow\">\n<div style=\"height:48px\" aria-hidden=\"true\" class=\"wp-block-spacer\"><\/div>\n\n\n<div class=\"wp-block-image\">\n<figure class=\"aligncenter size-full is-resized\"><img decoding=\"async\" src=\"https:\/\/www.hvg-ttl.ch\/wp-content\/uploads\/2022\/01\/DSC_1801_scaled.jpg\" alt=\"\" class=\"wp-image-515\" width=\"300\" srcset=\"https:\/\/www.hvgtrub.ch\/wp-content\/uploads\/2022\/01\/DSC_1801_scaled.jpg 350w, https:\/\/www.hvgtrub.ch\/wp-content\/uploads\/2022\/01\/DSC_1801_scaled-300x201.jpg 300w\" sizes=\"(max-width: 350px) 100vw, 350px\" \/><\/figure>\n<\/div><\/div>\n<\/div>\n<\/div><\/div>\n\n\n\n<p><\/p>\n","protected":false},"excerpt":{"rendered":"<p>Tanne (Starkholz) Baumart: Tanne L\u00e4ngen (Tr\u00e4mel): 4.00 m \/ 5.00 m Doppel-Tr\u00e4mel: 8.00 m \/ 9.00 m \/ 10.00 m Fett= Vorzugsl\u00e4ngen L\u00e4ngenzumass: pro Tr\u00e4mel-L\u00e4nge mindestens 15 cm Mindest-Zopfdurchmesser: A-Qualit\u00e4t: 50 cm+ A-B-Qualit\u00e4t: 50 cm+ B-Qualit\u00e4t: 45 cm+ B-C-Qualit\u00e4t: 50 cm+ Rindenabzug: 12% vom Bruttovolumen des Holzstammes Vermessung: Normalerweise erfolgt diese beim Verlad Fichte (Starkholz) &hellip; <\/p>\n<p class=\"link-more\"><a href=\"https:\/\/www.hvgtrub.ch\/?page_id=87\" class=\"more-link\">Mehr <span class=\"screen-reader-text\">\u00fcber &#8222;Sortiment&#8220; <\/span>Lesen<\/a><\/p>\n","protected":false},"author":1,"featured_media":425,"parent":0,"menu_order":0,"comment_status":"closed","ping_status":"closed","template":"","meta":{"footnotes":""},"class_list":["post-87","page","type-page","status-publish","has-post-thumbnail","hentry"],"yoast_head":"<!-- This site is optimized with the Yoast SEO plugin v26.9 - https:\/\/yoast.com\/product\/yoast-seo-wordpress\/ -->\n<title>Sortiment - HVG Trub Trubschachen Langnau<\/title>\n<meta name=\"robots\" content=\"index, follow, max-snippet:-1, max-image-preview:large, max-video-preview:-1\" \/>\n<link rel=\"canonical\" href=\"https:\/\/www.hvgtrub.ch\/?page_id=87\" \/>\n<meta property=\"og:locale\" content=\"de_DE\" \/>\n<meta property=\"og:type\" content=\"article\" \/>\n<meta property=\"og:title\" content=\"Sortiment - HVG Trub Trubschachen Langnau\" \/>\n<meta property=\"og:description\" content=\"Tanne (Starkholz) Baumart: Tanne L\u00e4ngen (Tr\u00e4mel): 4.00 m \/ 5.00 m Doppel-Tr\u00e4mel: 8.00 m \/ 9.00 m \/ 10.00 m Fett= Vorzugsl\u00e4ngen L\u00e4ngenzumass: pro Tr\u00e4mel-L\u00e4nge mindestens 15 cm Mindest-Zopfdurchmesser: A-Qualit\u00e4t: 50 cm+ A-B-Qualit\u00e4t: 50 cm+ B-Qualit\u00e4t: 45 cm+ B-C-Qualit\u00e4t: 50 cm+ Rindenabzug: 12% vom Bruttovolumen des Holzstammes Vermessung: Normalerweise erfolgt diese beim Verlad Fichte (Starkholz) &hellip; Mehr \u00fcber &quot;Sortiment&quot; Lesen\" \/>\n<meta property=\"og:url\" content=\"https:\/\/www.hvgtrub.ch\/?page_id=87\" \/>\n<meta property=\"og:site_name\" content=\"HVG Trub Trubschachen Langnau\" \/>\n<meta property=\"article:modified_time\" content=\"2023-04-01T10:04:20+00:00\" \/>\n<meta property=\"og:image\" content=\"https:\/\/www.hvgtrub.ch\/wp-content\/uploads\/2022\/01\/DSC_1648_scaled.jpg\" \/>\n\t<meta property=\"og:image:width\" content=\"2560\" \/>\n\t<meta property=\"og:image:height\" content=\"1709\" \/>\n\t<meta property=\"og:image:type\" content=\"image\/jpeg\" \/>\n<meta name=\"twitter:card\" content=\"summary_large_image\" \/>\n<meta name=\"twitter:label1\" content=\"Gesch\u00e4tzte Lesezeit\" \/>\n\t<meta name=\"twitter:data1\" content=\"2\u00a0Minuten\" \/>\n<script type=\"application\/ld+json\" class=\"yoast-schema-graph\">{\"@context\":\"https:\/\/schema.org\",\"@graph\":[{\"@type\":\"WebPage\",\"@id\":\"https:\/\/www.hvgtrub.ch\/?page_id=87\",\"url\":\"https:\/\/www.hvgtrub.ch\/?page_id=87\",\"name\":\"Sortiment - HVG Trub Trubschachen Langnau\",\"isPartOf\":{\"@id\":\"https:\/\/www.hvgtrub.ch\/#website\"},\"primaryImageOfPage\":{\"@id\":\"https:\/\/www.hvgtrub.ch\/?page_id=87#primaryimage\"},\"image\":{\"@id\":\"https:\/\/www.hvgtrub.ch\/?page_id=87#primaryimage\"},\"thumbnailUrl\":\"https:\/\/www.hvgtrub.ch\/wp-content\/uploads\/2022\/01\/DSC_1648_scaled.jpg\",\"datePublished\":\"2022-01-07T05:15:25+00:00\",\"dateModified\":\"2023-04-01T10:04:20+00:00\",\"breadcrumb\":{\"@id\":\"https:\/\/www.hvgtrub.ch\/?page_id=87#breadcrumb\"},\"inLanguage\":\"de\",\"potentialAction\":[{\"@type\":\"ReadAction\",\"target\":[\"https:\/\/www.hvgtrub.ch\/?page_id=87\"]}]},{\"@type\":\"ImageObject\",\"inLanguage\":\"de\",\"@id\":\"https:\/\/www.hvgtrub.ch\/?page_id=87#primaryimage\",\"url\":\"https:\/\/www.hvgtrub.ch\/wp-content\/uploads\/2022\/01\/DSC_1648_scaled.jpg\",\"contentUrl\":\"https:\/\/www.hvgtrub.ch\/wp-content\/uploads\/2022\/01\/DSC_1648_scaled.jpg\",\"width\":2560,\"height\":1709},{\"@type\":\"BreadcrumbList\",\"@id\":\"https:\/\/www.hvgtrub.ch\/?page_id=87#breadcrumb\",\"itemListElement\":[{\"@type\":\"ListItem\",\"position\":1,\"name\":\"Startseite\",\"item\":\"https:\/\/www.hvgtrub.ch\/\"},{\"@type\":\"ListItem\",\"position\":2,\"name\":\"Sortiment\"}]},{\"@type\":\"WebSite\",\"@id\":\"https:\/\/www.hvgtrub.ch\/#website\",\"url\":\"https:\/\/www.hvgtrub.ch\/\",\"name\":\"HVG Trub Trubschachen Langnau\",\"description\":\"Professionelle Holzvermarktung f\u00fcr Waldbesitzer\",\"publisher\":{\"@id\":\"https:\/\/www.hvgtrub.ch\/#organization\"},\"potentialAction\":[{\"@type\":\"SearchAction\",\"target\":{\"@type\":\"EntryPoint\",\"urlTemplate\":\"https:\/\/www.hvgtrub.ch\/?s={search_term_string}\"},\"query-input\":{\"@type\":\"PropertyValueSpecification\",\"valueRequired\":true,\"valueName\":\"search_term_string\"}}],\"inLanguage\":\"de\"},{\"@type\":\"Organization\",\"@id\":\"https:\/\/www.hvgtrub.ch\/#organization\",\"name\":\"Holzvermarktungsgenossenschaft Trub, Trubschachen, Langnau\",\"url\":\"https:\/\/www.hvgtrub.ch\/\",\"logo\":{\"@type\":\"ImageObject\",\"inLanguage\":\"de\",\"@id\":\"https:\/\/www.hvgtrub.ch\/#\/schema\/logo\/image\/\",\"url\":\"https:\/\/www.hvgtrub.ch\/wp-content\/uploads\/2022\/01\/logo-1.png\",\"contentUrl\":\"https:\/\/www.hvgtrub.ch\/wp-content\/uploads\/2022\/01\/logo-1.png\",\"width\":512,\"height\":512,\"caption\":\"Holzvermarktungsgenossenschaft Trub, Trubschachen, Langnau\"},\"image\":{\"@id\":\"https:\/\/www.hvgtrub.ch\/#\/schema\/logo\/image\/\"}}]}<\/script>\n<!-- \/ Yoast SEO plugin. -->","yoast_head_json":{"title":"Sortiment - HVG Trub Trubschachen Langnau","robots":{"index":"index","follow":"follow","max-snippet":"max-snippet:-1","max-image-preview":"max-image-preview:large","max-video-preview":"max-video-preview:-1"},"canonical":"https:\/\/www.hvgtrub.ch\/?page_id=87","og_locale":"de_DE","og_type":"article","og_title":"Sortiment - HVG Trub Trubschachen Langnau","og_description":"Tanne (Starkholz) Baumart: Tanne L\u00e4ngen (Tr\u00e4mel): 4.00 m \/ 5.00 m Doppel-Tr\u00e4mel: 8.00 m \/ 9.00 m \/ 10.00 m Fett= Vorzugsl\u00e4ngen L\u00e4ngenzumass: pro Tr\u00e4mel-L\u00e4nge mindestens 15 cm Mindest-Zopfdurchmesser: A-Qualit\u00e4t: 50 cm+ A-B-Qualit\u00e4t: 50 cm+ B-Qualit\u00e4t: 45 cm+ B-C-Qualit\u00e4t: 50 cm+ Rindenabzug: 12% vom Bruttovolumen des Holzstammes Vermessung: Normalerweise erfolgt diese beim Verlad Fichte (Starkholz) &hellip; Mehr \u00fcber \"Sortiment\" Lesen","og_url":"https:\/\/www.hvgtrub.ch\/?page_id=87","og_site_name":"HVG Trub Trubschachen Langnau","article_modified_time":"2023-04-01T10:04:20+00:00","og_image":[{"width":2560,"height":1709,"url":"https:\/\/www.hvgtrub.ch\/wp-content\/uploads\/2022\/01\/DSC_1648_scaled.jpg","type":"image\/jpeg"}],"twitter_card":"summary_large_image","twitter_misc":{"Gesch\u00e4tzte Lesezeit":"2\u00a0Minuten"},"schema":{"@context":"https:\/\/schema.org","@graph":[{"@type":"WebPage","@id":"https:\/\/www.hvgtrub.ch\/?page_id=87","url":"https:\/\/www.hvgtrub.ch\/?page_id=87","name":"Sortiment - HVG Trub Trubschachen Langnau","isPartOf":{"@id":"https:\/\/www.hvgtrub.ch\/#website"},"primaryImageOfPage":{"@id":"https:\/\/www.hvgtrub.ch\/?page_id=87#primaryimage"},"image":{"@id":"https:\/\/www.hvgtrub.ch\/?page_id=87#primaryimage"},"thumbnailUrl":"https:\/\/www.hvgtrub.ch\/wp-content\/uploads\/2022\/01\/DSC_1648_scaled.jpg","datePublished":"2022-01-07T05:15:25+00:00","dateModified":"2023-04-01T10:04:20+00:00","breadcrumb":{"@id":"https:\/\/www.hvgtrub.ch\/?page_id=87#breadcrumb"},"inLanguage":"de","potentialAction":[{"@type":"ReadAction","target":["https:\/\/www.hvgtrub.ch\/?page_id=87"]}]},{"@type":"ImageObject","inLanguage":"de","@id":"https:\/\/www.hvgtrub.ch\/?page_id=87#primaryimage","url":"https:\/\/www.hvgtrub.ch\/wp-content\/uploads\/2022\/01\/DSC_1648_scaled.jpg","contentUrl":"https:\/\/www.hvgtrub.ch\/wp-content\/uploads\/2022\/01\/DSC_1648_scaled.jpg","width":2560,"height":1709},{"@type":"BreadcrumbList","@id":"https:\/\/www.hvgtrub.ch\/?page_id=87#breadcrumb","itemListElement":[{"@type":"ListItem","position":1,"name":"Startseite","item":"https:\/\/www.hvgtrub.ch\/"},{"@type":"ListItem","position":2,"name":"Sortiment"}]},{"@type":"WebSite","@id":"https:\/\/www.hvgtrub.ch\/#website","url":"https:\/\/www.hvgtrub.ch\/","name":"HVG Trub Trubschachen Langnau","description":"Professionelle Holzvermarktung f\u00fcr Waldbesitzer","publisher":{"@id":"https:\/\/www.hvgtrub.ch\/#organization"},"potentialAction":[{"@type":"SearchAction","target":{"@type":"EntryPoint","urlTemplate":"https:\/\/www.hvgtrub.ch\/?s={search_term_string}"},"query-input":{"@type":"PropertyValueSpecification","valueRequired":true,"valueName":"search_term_string"}}],"inLanguage":"de"},{"@type":"Organization","@id":"https:\/\/www.hvgtrub.ch\/#organization","name":"Holzvermarktungsgenossenschaft Trub, Trubschachen, Langnau","url":"https:\/\/www.hvgtrub.ch\/","logo":{"@type":"ImageObject","inLanguage":"de","@id":"https:\/\/www.hvgtrub.ch\/#\/schema\/logo\/image\/","url":"https:\/\/www.hvgtrub.ch\/wp-content\/uploads\/2022\/01\/logo-1.png","contentUrl":"https:\/\/www.hvgtrub.ch\/wp-content\/uploads\/2022\/01\/logo-1.png","width":512,"height":512,"caption":"Holzvermarktungsgenossenschaft Trub, Trubschachen, Langnau"},"image":{"@id":"https:\/\/www.hvgtrub.ch\/#\/schema\/logo\/image\/"}}]}},"_links":{"self":[{"href":"https:\/\/www.hvgtrub.ch\/index.php?rest_route=\/wp\/v2\/pages\/87","targetHints":{"allow":["GET"]}}],"collection":[{"href":"https:\/\/www.hvgtrub.ch\/index.php?rest_route=\/wp\/v2\/pages"}],"about":[{"href":"https:\/\/www.hvgtrub.ch\/index.php?rest_route=\/wp\/v2\/types\/page"}],"author":[{"embeddable":true,"href":"https:\/\/www.hvgtrub.ch\/index.php?rest_route=\/wp\/v2\/users\/1"}],"replies":[{"embeddable":true,"href":"https:\/\/www.hvgtrub.ch\/index.php?rest_route=%2Fwp%2Fv2%2Fcomments&post=87"}],"version-history":[{"count":96,"href":"https:\/\/www.hvgtrub.ch\/index.php?rest_route=\/wp\/v2\/pages\/87\/revisions"}],"predecessor-version":[{"id":924,"href":"https:\/\/www.hvgtrub.ch\/index.php?rest_route=\/wp\/v2\/pages\/87\/revisions\/924"}],"wp:featuredmedia":[{"embeddable":true,"href":"https:\/\/www.hvgtrub.ch\/index.php?rest_route=\/wp\/v2\/media\/425"}],"wp:attachment":[{"href":"https:\/\/www.hvgtrub.ch\/index.php?rest_route=%2Fwp%2Fv2%2Fmedia&parent=87"}],"curies":[{"name":"wp","href":"https:\/\/api.w.org\/{rel}","templated":true}]}}